{"id":3286,"date":"2021-09-15T07:33:58","date_gmt":"2021-09-15T07:33:58","guid":{"rendered":"https:\/\/mtydizayn.com\/?page_id=3286"},"modified":"2021-10-06T13:51:33","modified_gmt":"2021-10-06T13:51:33","slug":"kultur-tasi-cesitleri","status":"publish","type":"page","link":"https:\/\/mtydizayn.com\/index.php\/kultur-tasi-cesitleri\/","title":{"rendered":"K\u00fclt\u00fcr Ta\u015f\u0131 \u00c7e\u015fitleri"},"content":{"rendered":"<div id='av_section_1'  class='avia-section main_color avia-section-large avia-no-border-styling  avia-bg-style-scroll  avia-builder-el-0  el_before_av_heading  avia-builder-el-first   av-desktop-hide av-medium-hide av-small-hide av-mini-hide av-arrow-down-section container_wrap sidebar_right' style=' '  ><div class='container' ><main  role=\"main\" itemprop=\"mainContentOfPage\"  class='template-page content  av-content-small alpha units'><div class='post-entry post-entry-type-page post-entry-3286'><div class='entry-content-wrapper clearfix'>\n<div  style='padding-bottom:0px; font-size:40px;' class='av-special-heading av-special-heading-h2  blockquote modern-quote  avia-builder-el-1  el_before_av_hr  avia-builder-el-first  av-inherit-size '><h2 class='av-special-heading-tag '  itemprop=\"headline\"  >Pricing<\/h2><div class='special-heading-border'><div class='special-heading-inner-border' ><\/div><\/div><\/div>\n<div  style=' margin-top:30px; margin-bottom:30px;'  class='hr hr-custom hr-left hr-icon-no   avia-builder-el-2  el_after_av_heading  avia-builder-el-last '><span class='hr-inner  inner-border-av-border-fat' style=' width:50px; border-color:#000000;' ><span class='hr-inner-style'><\/span><\/span><\/div>\n<\/div><\/div><\/main><!-- close content main element --><\/div><div class='av-extra-border-element border-extra-arrow-down'><div class='av-extra-border-outer'><div class='av-extra-border-inner'  style='background-color:#ffffff;' ><\/div><\/div><\/div><\/div><div id='after_section_1'  class='main_color av_default_container_wrap container_wrap sidebar_right' style=' '  ><div class='container' ><div class='template-page content  av-content-small alpha units'><div class='post-entry post-entry-type-page post-entry-3286'><div class='entry-content-wrapper clearfix'><div  style='padding-bottom:10px; ' class='av-special-heading av-special-heading-h3  blockquote modern-quote modern-centered  avia-builder-el-3  el_after_av_section  el_before_av_hr  avia-builder-el-first  '><h3 class='av-special-heading-tag '  itemprop=\"headline\"  >G\u00d6Z ALICI DOKULAR<\/h3><div class='special-heading-border'><div class='special-heading-inner-border' ><\/div><\/div><\/div><\/p>\n<div   class='hr hr-default   avia-builder-el-4  el_after_av_heading  el_before_av_one_fourth '><span class='hr-inner ' ><span class='hr-inner-style'><\/span><\/span><\/div>\n<div class=\"flex_column av_one_fourth  flex_column_div av-zero-column-padding first  avia-builder-el-5  el_after_av_hr  el_before_av_one_fourth  \" style='border-radius:0px; '><p><div  style='padding-bottom:10px; ' class='av-special-heading av-special-heading-h3  blockquote modern-quote modern-centered  avia-builder-el-6  el_before_av_hr  avia-builder-el-first  '><h3 class='av-special-heading-tag '  itemprop=\"headline\"  >K\u00f6\u015feli<\/h3><div class='special-heading-border'><div class='special-heading-inner-border' ><\/div><\/div><\/div><br \/>\n<div   class='hr hr-default   avia-builder-el-7  el_after_av_heading  el_before_av_image '><span class='hr-inner ' ><span class='hr-inner-style'><\/span><\/span><\/div><br \/>\n<div  class='avia-image-container  av-styling-    avia-builder-el-8  el_after_av_hr  el_before_av_hr  avia-align-center '  itemprop=\"image\" itemscope=\"itemscope\" itemtype=\"https:\/\/schema.org\/ImageObject\"  ><div class='avia-image-container-inner'><div class='avia-image-overlay-wrap'><img class='wp-image-3182 avia-img-lazy-loading-not-3182 avia_image' src=\"https:\/\/mtydizayn.com\/wp-content\/uploads\/2021\/09\/Ekran-Resmi-2021-09-14-15.20.29-300x228.png\" alt='' title='Ekran Resmi 2021-09-14 15.20.29' height=\"228\" width=\"300\"  itemprop=\"thumbnailUrl\" srcset=\"https:\/\/mtydizayn.com\/wp-content\/uploads\/2021\/09\/Ekran-Resmi-2021-09-14-15.20.29-300x228.png 300w, https:\/\/mtydizayn.com\/wp-content\/uploads\/2021\/09\/Ekran-Resmi-2021-09-14-15.20.29.png 398w\" sizes=\"(max-width: 300px) 100vw, 300px\" \/><\/div><\/div><\/div><br \/>\n<div   class='hr hr-default   avia-builder-el-9  el_after_av_image  el_before_av_button '><span class='hr-inner ' ><span class='hr-inner-style'><\/span><\/span><\/div><br \/>\n<div  class='avia-button-wrap avia-button-center  avia-builder-el-10  el_after_av_hr  avia-builder-el-last ' ><a href='https:\/\/mtydizayn.com\/index.php\/koseli-kultur-tasi\/'  class='avia-button  avia-color-black  avia-font-color-theme-color-highlight  avia-icon_select-no avia-size-small avia-position-center '   ><span class='avia_iconbox_title' >\u0130ncele<\/span><span class='avia_button_background avia-button avia-color-theme-color-highlight' ><\/span><\/a><\/div><\/p><\/div>\n<div class=\"flex_column av_one_fourth  flex_column_div av-zero-column-padding   avia-builder-el-11  el_after_av_one_fourth  el_before_av_one_fourth  \" style='border-radius:0px; '><p><div  style='padding-bottom:10px; ' class='av-special-heading av-special-heading-h3  blockquote modern-quote modern-centered  avia-builder-el-12  el_before_av_hr  avia-builder-el-first  '><h3 class='av-special-heading-tag '  itemprop=\"headline\"  >D\u00fczensiz<\/h3><div class='special-heading-border'><div class='special-heading-inner-border' ><\/div><\/div><\/div><br \/>\n<div   class='hr hr-default   avia-builder-el-13  el_after_av_heading  el_before_av_image '><span class='hr-inner ' ><span class='hr-inner-style'><\/span><\/span><\/div><br \/>\n<div  class='avia-image-container  av-styling-    avia-builder-el-14  el_after_av_hr  el_before_av_hr  avia-align-center '  itemprop=\"image\" itemscope=\"itemscope\" itemtype=\"https:\/\/schema.org\/ImageObject\"  ><div class='avia-image-container-inner'><div class='avia-image-overlay-wrap'><img class='wp-image-3183 avia-img-lazy-loading-not-3183 avia_image' src=\"https:\/\/mtydizayn.com\/wp-content\/uploads\/2021\/09\/Ekran-Resmi-2021-09-14-15.21.12-300x229.png\" alt='' title='Ekran Resmi 2021-09-14 15.21.12' height=\"229\" width=\"300\"  itemprop=\"thumbnailUrl\" srcset=\"https:\/\/mtydizayn.com\/wp-content\/uploads\/2021\/09\/Ekran-Resmi-2021-09-14-15.21.12-300x229.png 300w, https:\/\/mtydizayn.com\/wp-content\/uploads\/2021\/09\/Ekran-Resmi-2021-09-14-15.21.12.png 398w\" sizes=\"(max-width: 300px) 100vw, 300px\" \/><\/div><\/div><\/div><br \/>\n<div   class='hr hr-default   avia-builder-el-15  el_after_av_image  el_before_av_button '><span class='hr-inner ' ><span class='hr-inner-style'><\/span><\/span><\/div><br \/>\n<div  class='avia-button-wrap avia-button-center  avia-builder-el-16  el_after_av_hr  avia-builder-el-last ' ><a href='https:\/\/mtydizayn.com\/index.php\/duzensiz-kultur-tasi\/'  class='avia-button  avia-color-black  avia-font-color-theme-color-highlight  avia-icon_select-no avia-size-small avia-position-center '   ><span class='avia_iconbox_title' >\u0130ncele<\/span><span class='avia_button_background avia-button avia-color-theme-color-highlight' ><\/span><\/a><\/div><\/p><\/div>\n<div class=\"flex_column av_one_fourth  flex_column_div av-zero-column-padding   avia-builder-el-17  el_after_av_one_fourth  el_before_av_one_fourth  \" style='border-radius:0px; '><p><div  style='padding-bottom:10px; ' class='av-special-heading av-special-heading-h3  blockquote modern-quote modern-centered  avia-builder-el-18  el_before_av_hr  avia-builder-el-first  '><h3 class='av-special-heading-tag '  itemprop=\"headline\"  >Yass\u0131<\/h3><div class='special-heading-border'><div class='special-heading-inner-border' ><\/div><\/div><\/div><br \/>\n<div   class='hr hr-default   avia-builder-el-19  el_after_av_heading  el_before_av_image '><span class='hr-inner ' ><span class='hr-inner-style'><\/span><\/span><\/div><br \/>\n<div  class='avia-image-container  av-styling-    avia-builder-el-20  el_after_av_hr  el_before_av_hr  avia-align-center '  itemprop=\"image\" itemscope=\"itemscope\" itemtype=\"https:\/\/schema.org\/ImageObject\"  ><div class='avia-image-container-inner'><div class='avia-image-overlay-wrap'><img class='wp-image-3184 avia-img-lazy-loading-not-3184 avia_image' src=\"https:\/\/mtydizayn.com\/wp-content\/uploads\/2021\/09\/Ekran-Resmi-2021-09-14-15.21.53-300x229.png\" alt='' title='Ekran Resmi 2021-09-14 15.21.53' height=\"229\" width=\"300\"  itemprop=\"thumbnailUrl\" srcset=\"https:\/\/mtydizayn.com\/wp-content\/uploads\/2021\/09\/Ekran-Resmi-2021-09-14-15.21.53-300x229.png 300w, https:\/\/mtydizayn.com\/wp-content\/uploads\/2021\/09\/Ekran-Resmi-2021-09-14-15.21.53.png 398w\" sizes=\"(max-width: 300px) 100vw, 300px\" \/><\/div><\/div><\/div><br \/>\n<div   class='hr hr-default   avia-builder-el-21  el_after_av_image  el_before_av_button '><span class='hr-inner ' ><span class='hr-inner-style'><\/span><\/span><\/div><br \/>\n<div  class='avia-button-wrap avia-button-center  avia-builder-el-22  el_after_av_hr  avia-builder-el-last ' ><a href='https:\/\/mtydizayn.com\/index.php\/yassi-kultur-tasi\/'  class='avia-button  avia-color-black  avia-font-color-theme-color-highlight  avia-icon_select-no avia-size-small avia-position-center '   ><span class='avia_iconbox_title' >\u0130ncele<\/span><span class='avia_button_background avia-button avia-color-theme-color-highlight' ><\/span><\/a><\/div><\/p><\/div>\n<div class=\"flex_column av_one_fourth  flex_column_div av-zero-column-padding   avia-builder-el-23  el_after_av_one_fourth  el_before_av_one_fourth  \" style='border-radius:0px; '><p><div  style='padding-bottom:10px; ' class='av-special-heading av-special-heading-h3  blockquote modern-quote modern-centered  avia-builder-el-24  el_before_av_hr  avia-builder-el-first  '><h3 class='av-special-heading-tag '  itemprop=\"headline\"  >Mod\u00fcler<\/h3><div class='special-heading-border'><div class='special-heading-inner-border' ><\/div><\/div><\/div><br \/>\n<div   class='hr hr-default   avia-builder-el-25  el_after_av_heading  el_before_av_image '><span class='hr-inner ' ><span class='hr-inner-style'><\/span><\/span><\/div><br \/>\n<div  class='avia-image-container  av-styling-    avia-builder-el-26  el_after_av_hr  el_before_av_hr  avia-align-center '  itemprop=\"image\" itemscope=\"itemscope\" itemtype=\"https:\/\/schema.org\/ImageObject\"  ><div class='avia-image-container-inner'><div class='avia-image-overlay-wrap'><img class='wp-image-3185 avia-img-lazy-loading-not-3185 avia_image' src=\"https:\/\/mtydizayn.com\/wp-content\/uploads\/2021\/09\/Ekran-Resmi-2021-09-14-15.22.32-300x229.png\" alt='' title='Ekran Resmi 2021-09-14 15.22.32' height=\"229\" width=\"300\"  itemprop=\"thumbnailUrl\" srcset=\"https:\/\/mtydizayn.com\/wp-content\/uploads\/2021\/09\/Ekran-Resmi-2021-09-14-15.22.32-300x229.png 300w, https:\/\/mtydizayn.com\/wp-content\/uploads\/2021\/09\/Ekran-Resmi-2021-09-14-15.22.32.png 396w\" sizes=\"(max-width: 300px) 100vw, 300px\" \/><\/div><\/div><\/div><br \/>\n<div   class='hr hr-default   avia-builder-el-27  el_after_av_image  el_before_av_button '><span class='hr-inner ' ><span class='hr-inner-style'><\/span><\/span><\/div><br \/>\n<div  class='avia-button-wrap avia-button-center  avia-builder-el-28  el_after_av_hr  avia-builder-el-last ' ><a href='https:\/\/mtydizayn.com\/index.php\/moduler-kultur-tasi\/'  class='avia-button  avia-color-black  avia-font-color-theme-color-highlight  avia-icon_select-no avia-size-small avia-position-center '   ><span class='avia_iconbox_title' >\u0130ncele<\/span><span class='avia_button_background avia-button avia-color-theme-color-highlight' ><\/span><\/a><\/div><\/p><\/div>\n<div class=\"flex_column av_one_fourth  flex_column_div av-zero-column-padding first  avia-builder-el-29  el_after_av_one_fourth  avia-builder-el-last  column-top-margin\" style='border-radius:0px; '><p><div  style='padding-bottom:10px; ' class='av-special-heading av-special-heading-h3  blockquote modern-quote modern-centered  avia-builder-el-30  el_before_av_hr  avia-builder-el-first  '><h3 class='av-special-heading-tag '  itemprop=\"headline\"  >Harman \/ Mix<\/h3><div class='special-heading-border'><div class='special-heading-inner-border' ><\/div><\/div><\/div><br \/>\n<div   class='hr hr-default   avia-builder-el-31  el_after_av_heading  el_before_av_image '><span class='hr-inner ' ><span class='hr-inner-style'><\/span><\/span><\/div><br \/>\n<div  class='avia-image-container  av-styling-    avia-builder-el-32  el_after_av_hr  el_before_av_hr  avia-align-center '  itemprop=\"image\" itemscope=\"itemscope\" itemtype=\"https:\/\/schema.org\/ImageObject\"  ><div class='avia-image-container-inner'><div class='avia-image-overlay-wrap'><img class='wp-image-3186 avia-img-lazy-loading-not-3186 avia_image' src=\"https:\/\/mtydizayn.com\/wp-content\/uploads\/2021\/09\/Ekran-Resmi-2021-09-14-15.23.24-300x226.png\" alt='' title='Ekran Resmi 2021-09-14 15.23.24' height=\"226\" width=\"300\"  itemprop=\"thumbnailUrl\" srcset=\"https:\/\/mtydizayn.com\/wp-content\/uploads\/2021\/09\/Ekran-Resmi-2021-09-14-15.23.24-300x226.png 300w, https:\/\/mtydizayn.com\/wp-content\/uploads\/2021\/09\/Ekran-Resmi-2021-09-14-15.23.24.png 398w\" sizes=\"(max-width: 300px) 100vw, 300px\" \/><\/div><\/div><\/div><br \/>\n<div   class='hr hr-default   avia-builder-el-33  el_after_av_image  el_before_av_button '><span class='hr-inner ' ><span class='hr-inner-style'><\/span><\/span><\/div><br \/>\n<div  class='avia-button-wrap avia-button-center  avia-builder-el-34  el_after_av_hr  avia-builder-el-last ' ><a href='https:\/\/mtydizayn.com\/index.php\/harman-mix\/'  class='avia-button  avia-color-black  avia-font-color-theme-color-highlight  avia-icon_select-no avia-size-small avia-position-center '   ><span class='avia_iconbox_title' >\u0130ncele<\/span><span class='avia_button_background avia-button avia-color-theme-color-highlight' ><\/span><\/a><\/div><\/p><\/div>\n","protected":false},"excerpt":{"rendered":"","protected":false},"author":1,"featured_media":0,"parent":0,"menu_order":0,"comment_status":"closed","ping_status":"closed","template":"","meta":[],"_links":{"self":[{"href":"https:\/\/mtydizayn.com\/index.php\/wp-json\/wp\/v2\/pages\/3286"}],"collection":[{"href":"https:\/\/mtydizayn.com\/index.php\/wp-json\/wp\/v2\/pages"}],"about":[{"href":"https:\/\/mtydizayn.com\/index.php\/wp-json\/wp\/v2\/types\/page"}],"author":[{"embeddable":true,"href":"https:\/\/mtydizayn.com\/index.php\/wp-json\/wp\/v2\/users\/1"}],"replies":[{"embeddable":true,"href":"https:\/\/mtydizayn.com\/index.php\/wp-json\/wp\/v2\/comments?post=3286"}],"version-history":[{"count":9,"href":"https:\/\/mtydizayn.com\/index.php\/wp-json\/wp\/v2\/pages\/3286\/revisions"}],"predecessor-version":[{"id":3734,"href":"https:\/\/mtydizayn.com\/index.php\/wp-json\/wp\/v2\/pages\/3286\/revisions\/3734"}],"wp:attachment":[{"href":"https:\/\/mtydizayn.com\/index.php\/wp-json\/wp\/v2\/media?parent=3286"}],"curies":[{"name":"wp","href":"https:\/\/api.w.org\/{rel}","templated":true}]}}