{"id":3646,"date":"2021-09-20T14:12:58","date_gmt":"2021-09-20T14:12:58","guid":{"rendered":"https:\/\/mtydizayn.com\/?page_id=3646"},"modified":"2022-03-08T12:18:48","modified_gmt":"2022-03-08T12:18:48","slug":"markalarimiz","status":"publish","type":"page","link":"https:\/\/mtydizayn.com\/index.php\/markalarimiz\/","title":{"rendered":"Markalar\u0131m\u0131z"},"content":{"rendered":"<div class=\"flex_column av_one_fourth  flex_column_div av-zero-column-padding first  avia-builder-el-0  el_before_av_one_fourth  avia-builder-el-first  \" style='box-shadow: 0 0 10px 0 #0a0a0a; border-radius:0px; '><div  class='avia-image-container  av-styling- av-hover-grow av-hide-overflow   avia-builder-el-1  avia-builder-el-no-sibling  avia-align-center '  itemprop=\"image\" itemscope=\"itemscope\" itemtype=\"https:\/\/schema.org\/ImageObject\"  ><div class='avia-image-container-inner'><div class='avia-image-overlay-wrap'><a href=\"https:\/\/mtydizayn.com\/index.php\/tas\/\" class='avia_image' ><img width=\"125\" height=\"125\" class='wp-image-3914 avia-img-lazy-loading-not-3914 avia_image' src=\"https:\/\/mtydizayn.com\/wp-content\/uploads\/2022\/03\/stonewrap-1.jpg\" alt='' title='stonewrap'  itemprop=\"thumbnailUrl\" srcset=\"https:\/\/mtydizayn.com\/wp-content\/uploads\/2022\/03\/stonewrap-1.jpg 125w, https:\/\/mtydizayn.com\/wp-content\/uploads\/2022\/03\/stonewrap-1-80x80.jpg 80w, https:\/\/mtydizayn.com\/wp-content\/uploads\/2022\/03\/stonewrap-1-36x36.jpg 36w\" sizes=\"(max-width: 125px) 100vw, 125px\" \/><\/a><\/div><\/div><\/div><\/div><div class=\"flex_column av_one_fourth  flex_column_div av-zero-column-padding   avia-builder-el-2  el_after_av_one_fourth  el_before_av_one_fourth  \" style='box-shadow: 0 0 10px 0 #0a0a0a; border-radius:0px; '><div  class='avia-image-container  av-styling- av-hover-grow av-hide-overflow   avia-builder-el-3  avia-builder-el-no-sibling  avia-align-center '  itemprop=\"image\" itemscope=\"itemscope\" itemtype=\"https:\/\/schema.org\/ImageObject\"  ><div class='avia-image-container-inner'><div class='avia-image-overlay-wrap'><a href=\"https:\/\/www.albertgenau.com\/tr\" class='avia_image' ><img width=\"125\" height=\"125\" class='wp-image-3915 avia-img-lazy-loading-not-3915 avia_image' src=\"https:\/\/mtydizayn.com\/wp-content\/uploads\/2022\/03\/albert.jpg\" alt='' title='albert'  itemprop=\"thumbnailUrl\" srcset=\"https:\/\/mtydizayn.com\/wp-content\/uploads\/2022\/03\/albert.jpg 125w, https:\/\/mtydizayn.com\/wp-content\/uploads\/2022\/03\/albert-80x80.jpg 80w, https:\/\/mtydizayn.com\/wp-content\/uploads\/2022\/03\/albert-36x36.jpg 36w\" sizes=\"(max-width: 125px) 100vw, 125px\" \/><\/a><\/div><\/div><\/div><\/div><div class=\"flex_column av_one_fourth  flex_column_div av-zero-column-padding   avia-builder-el-4  el_after_av_one_fourth  el_before_av_one_fourth  \" style='box-shadow: 0 0 10px 0 #0a0a0a; border-radius:0px; '><div  class='avia-image-container  av-styling- av-hover-grow av-hide-overflow   avia-builder-el-5  avia-builder-el-no-sibling  avia-align-center '  itemprop=\"image\" itemscope=\"itemscope\" itemtype=\"https:\/\/schema.org\/ImageObject\"  ><div class='avia-image-container-inner'><div class='avia-image-overlay-wrap'><a href=\"https:\/\/www.blanco.com\/int-en\/\" class='avia_image' ><img width=\"125\" height=\"125\" class='wp-image-3916 avia-img-lazy-loading-not-3916 avia_image' src=\"https:\/\/mtydizayn.com\/wp-content\/uploads\/2022\/03\/blanco1.jpg\" alt='' title='blanco1'  itemprop=\"thumbnailUrl\" srcset=\"https:\/\/mtydizayn.com\/wp-content\/uploads\/2022\/03\/blanco1.jpg 125w, https:\/\/mtydizayn.com\/wp-content\/uploads\/2022\/03\/blanco1-80x80.jpg 80w, https:\/\/mtydizayn.com\/wp-content\/uploads\/2022\/03\/blanco1-36x36.jpg 36w\" sizes=\"(max-width: 125px) 100vw, 125px\" \/><\/a><\/div><\/div><\/div><\/div><div class=\"flex_column av_one_fourth  flex_column_div av-zero-column-padding   avia-builder-el-6  el_after_av_one_fourth  el_before_av_one_fourth  \" style='box-shadow: 0 0 10px 0 #0a0a0a; border-radius:0px; '><div  class='avia-image-container  av-styling- av-hover-grow av-hide-overflow   avia-builder-el-7  avia-builder-el-no-sibling  avia-align-center '  itemprop=\"image\" itemscope=\"itemscope\" itemtype=\"https:\/\/schema.org\/ImageObject\"  ><div class='avia-image-container-inner'><div class='avia-image-overlay-wrap'><a href=\"https:\/\/www.geberit.com.tr\/tr\/\" class='avia_image' ><img width=\"125\" height=\"125\" class='wp-image-3917 avia-img-lazy-loading-not-3917 avia_image' src=\"https:\/\/mtydizayn.com\/wp-content\/uploads\/2022\/03\/geberit.jpg\" alt='' title='geberit'  itemprop=\"thumbnailUrl\" srcset=\"https:\/\/mtydizayn.com\/wp-content\/uploads\/2022\/03\/geberit.jpg 125w, https:\/\/mtydizayn.com\/wp-content\/uploads\/2022\/03\/geberit-80x80.jpg 80w, https:\/\/mtydizayn.com\/wp-content\/uploads\/2022\/03\/geberit-36x36.jpg 36w\" sizes=\"(max-width: 125px) 100vw, 125px\" \/><\/a><\/div><\/div><\/div><\/div><div class=\"flex_column av_one_fourth  flex_column_div av-zero-column-padding first  avia-builder-el-8  el_after_av_one_fourth  el_before_av_one_fourth  column-top-margin\" style='box-shadow: 0 0 10px 0 #0a0a0a; border-radius:0px; '><div  class='avia-image-container  av-styling- av-hover-grow av-hide-overflow   avia-builder-el-9  avia-builder-el-no-sibling  avia-align-center '  itemprop=\"image\" itemscope=\"itemscope\" itemtype=\"https:\/\/schema.org\/ImageObject\"  ><div class='avia-image-container-inner'><div class='avia-image-overlay-wrap'><a href=\"http:\/\/decorativi.san-marco.com\/tur\/\" class='avia_image' ><img width=\"125\" height=\"125\" class='wp-image-3918 avia-img-lazy-loading-not-3918 avia_image' src=\"https:\/\/mtydizayn.com\/wp-content\/uploads\/2022\/03\/sanmarko.jpg\" alt='' title='sanmarko'  itemprop=\"thumbnailUrl\" srcset=\"https:\/\/mtydizayn.com\/wp-content\/uploads\/2022\/03\/sanmarko.jpg 125w, https:\/\/mtydizayn.com\/wp-content\/uploads\/2022\/03\/sanmarko-80x80.jpg 80w, https:\/\/mtydizayn.com\/wp-content\/uploads\/2022\/03\/sanmarko-36x36.jpg 36w\" sizes=\"(max-width: 125px) 100vw, 125px\" \/><\/a><\/div><\/div><\/div><\/div><div class=\"flex_column av_one_fourth  flex_column_div av-zero-column-padding   avia-builder-el-10  el_after_av_one_fourth  el_before_av_one_fourth  column-top-margin\" style='box-shadow: 0 0 10px 0 #0a0a0a; border-radius:0px; '><div  class='avia-image-container  av-styling- av-hover-grow av-hide-overflow   avia-builder-el-11  avia-builder-el-no-sibling  avia-align-center '  itemprop=\"image\" itemscope=\"itemscope\" itemtype=\"https:\/\/schema.org\/ImageObject\"  ><div class='avia-image-container-inner'><div class='avia-image-overlay-wrap'><a href=\"https:\/\/www.duravit.com.tr\/\" class='avia_image' ><img width=\"125\" height=\"125\" class='wp-image-3919 avia-img-lazy-loading-not-3919 avia_image' src=\"https:\/\/mtydizayn.com\/wp-content\/uploads\/2022\/03\/duvarit.jpg\" alt='' title='duvar\u0131t'  itemprop=\"thumbnailUrl\" srcset=\"https:\/\/mtydizayn.com\/wp-content\/uploads\/2022\/03\/duvarit.jpg 125w, https:\/\/mtydizayn.com\/wp-content\/uploads\/2022\/03\/duvarit-80x80.jpg 80w, https:\/\/mtydizayn.com\/wp-content\/uploads\/2022\/03\/duvarit-36x36.jpg 36w\" sizes=\"(max-width: 125px) 100vw, 125px\" \/><\/a><\/div><\/div><\/div><\/div><div class=\"flex_column av_one_fourth  flex_column_div av-zero-column-padding   avia-builder-el-12  el_after_av_one_fourth  el_before_av_one_fourth  column-top-margin\" style='box-shadow: 0 0 10px 0 #0a0a0a; border-radius:0px; '><div  class='avia-image-container  av-styling- av-hover-grow av-hide-overflow   avia-builder-el-13  avia-builder-el-no-sibling  avia-align-center '  itemprop=\"image\" itemscope=\"itemscope\" itemtype=\"https:\/\/schema.org\/ImageObject\"  ><div class='avia-image-container-inner'><div class='avia-image-overlay-wrap'><a href=\"https:\/\/www.villeroyboch-tr.com\/\" class='avia_image' ><img width=\"125\" height=\"125\" class='wp-image-3920 avia-img-lazy-loading-not-3920 avia_image' src=\"https:\/\/mtydizayn.com\/wp-content\/uploads\/2022\/03\/vill.jpg\" alt='' title='vill'  itemprop=\"thumbnailUrl\" srcset=\"https:\/\/mtydizayn.com\/wp-content\/uploads\/2022\/03\/vill.jpg 125w, https:\/\/mtydizayn.com\/wp-content\/uploads\/2022\/03\/vill-80x80.jpg 80w, https:\/\/mtydizayn.com\/wp-content\/uploads\/2022\/03\/vill-36x36.jpg 36w\" sizes=\"(max-width: 125px) 100vw, 125px\" \/><\/a><\/div><\/div><\/div><\/div><div class=\"flex_column av_one_fourth  flex_column_div av-zero-column-padding   avia-builder-el-14  el_after_av_one_fourth  el_before_av_one_fourth  column-top-margin\" style='box-shadow: 0 0 10px 0 #0a0a0a; border-radius:0px; '><div  class='avia-image-container  av-styling- av-hover-grow av-hide-overflow   avia-builder-el-15  avia-builder-el-no-sibling  avia-align-center '  itemprop=\"image\" itemscope=\"itemscope\" itemtype=\"https:\/\/schema.org\/ImageObject\"  ><div class='avia-image-container-inner'><div class='avia-image-overlay-wrap'><a href=\"https:\/\/mtydizayn.com\/index.php\/quartz-tezgah\/\" class='avia_image' ><img width=\"125\" height=\"125\" class='wp-image-3921 avia-img-lazy-loading-not-3921 avia_image' src=\"https:\/\/mtydizayn.com\/wp-content\/uploads\/2022\/03\/cimstone.jpg\" alt='' title='\u00e7imstone'  itemprop=\"thumbnailUrl\" srcset=\"https:\/\/mtydizayn.com\/wp-content\/uploads\/2022\/03\/cimstone.jpg 125w, https:\/\/mtydizayn.com\/wp-content\/uploads\/2022\/03\/cimstone-80x80.jpg 80w, https:\/\/mtydizayn.com\/wp-content\/uploads\/2022\/03\/cimstone-36x36.jpg 36w\" sizes=\"(max-width: 125px) 100vw, 125px\" \/><\/a><\/div><\/div><\/div><\/div><div class=\"flex_column av_one_fourth  flex_column_div av-zero-column-padding first  avia-builder-el-16  el_after_av_one_fourth  el_before_av_one_fourth  column-top-margin\" style='box-shadow: 0 0 10px 0 #0a0a0a; border-radius:0px; '><div  class='avia-image-container  av-styling- av-hover-grow av-hide-overflow   avia-builder-el-17  avia-builder-el-no-sibling  avia-align-center '  itemprop=\"image\" itemscope=\"itemscope\" itemtype=\"https:\/\/schema.org\/ImageObject\"  ><div class='avia-image-container-inner'><div class='avia-image-overlay-wrap'><a href=\"https:\/\/www.hansgrohe.com.tr\/\" class='avia_image' ><img width=\"125\" height=\"125\" class='wp-image-3922 avia-img-lazy-loading-not-3922 avia_image' src=\"https:\/\/mtydizayn.com\/wp-content\/uploads\/2022\/03\/afa1.jpg\" alt='' title='afa1'  itemprop=\"thumbnailUrl\" srcset=\"https:\/\/mtydizayn.com\/wp-content\/uploads\/2022\/03\/afa1.jpg 125w, https:\/\/mtydizayn.com\/wp-content\/uploads\/2022\/03\/afa1-80x80.jpg 80w, https:\/\/mtydizayn.com\/wp-content\/uploads\/2022\/03\/afa1-36x36.jpg 36w\" sizes=\"(max-width: 125px) 100vw, 125px\" \/><\/a><\/div><\/div><\/div><\/div><div class=\"flex_column av_one_fourth  flex_column_div av-zero-column-padding   avia-builder-el-18  el_after_av_one_fourth  el_before_av_one_fourth  column-top-margin\" style='box-shadow: 0 0 10px 0 #0a0a0a; border-radius:0px; '><div  class='avia-image-container  av-styling- av-hover-grow av-hide-overflow   avia-builder-el-19  avia-builder-el-no-sibling  avia-align-center '  itemprop=\"image\" itemscope=\"itemscope\" itemtype=\"https:\/\/schema.org\/ImageObject\"  ><div class='avia-image-container-inner'><div class='avia-image-overlay-wrap'><a href=\"https:\/\/mtydizayn.com\/index.php\/porselen-tezgah\/\" class='avia_image' ><img width=\"125\" height=\"125\" class='wp-image-3923 avia-img-lazy-loading-not-3923 avia_image' src=\"https:\/\/mtydizayn.com\/wp-content\/uploads\/2022\/03\/neoliht.jpg\" alt='' title='neoliht'  itemprop=\"thumbnailUrl\" srcset=\"https:\/\/mtydizayn.com\/wp-content\/uploads\/2022\/03\/neoliht.jpg 125w, https:\/\/mtydizayn.com\/wp-content\/uploads\/2022\/03\/neoliht-80x80.jpg 80w, https:\/\/mtydizayn.com\/wp-content\/uploads\/2022\/03\/neoliht-36x36.jpg 36w\" sizes=\"(max-width: 125px) 100vw, 125px\" \/><\/a><\/div><\/div><\/div><\/div><div class=\"flex_column av_one_fourth  flex_column_div av-zero-column-padding   avia-builder-el-20  el_after_av_one_fourth  el_before_av_one_fourth  column-top-margin\" style='box-shadow: 0 0 10px 0 #0a0a0a; border-radius:0px; '><div  class='avia-image-container  av-styling- av-hover-grow av-hide-overflow   avia-builder-el-21  avia-builder-el-no-sibling  avia-align-center '  itemprop=\"image\" itemscope=\"itemscope\" itemtype=\"https:\/\/schema.org\/ImageObject\"  ><div class='avia-image-container-inner'><div class='avia-image-overlay-wrap'><a href=\"https:\/\/www.franke.com\/tr\/tr\/hs.html\" class='avia_image' ><img width=\"125\" height=\"125\" class='wp-image-3924 avia-img-lazy-loading-not-3924 avia_image' src=\"https:\/\/mtydizayn.com\/wp-content\/uploads\/2022\/03\/franke1.jpg\" alt='' title='franke1'  itemprop=\"thumbnailUrl\" srcset=\"https:\/\/mtydizayn.com\/wp-content\/uploads\/2022\/03\/franke1.jpg 125w, https:\/\/mtydizayn.com\/wp-content\/uploads\/2022\/03\/franke1-80x80.jpg 80w, https:\/\/mtydizayn.com\/wp-content\/uploads\/2022\/03\/franke1-36x36.jpg 36w\" sizes=\"(max-width: 125px) 100vw, 125px\" \/><\/a><\/div><\/div><\/div><\/div><div class=\"flex_column av_one_fourth  flex_column_div av-zero-column-padding   avia-builder-el-22  el_after_av_one_fourth  el_before_av_one_fourth  column-top-margin\" style='box-shadow: 0 0 10px 0 #0a0a0a; border-radius:0px; '><div  class='avia-image-container  av-styling- av-hover-grow av-hide-overflow   avia-builder-el-23  avia-builder-el-no-sibling  avia-align-center '  itemprop=\"image\" itemscope=\"itemscope\" itemtype=\"https:\/\/schema.org\/ImageObject\"  ><div class='avia-image-container-inner'><div class='avia-image-overlay-wrap'><a href=\"https:\/\/www.graniser.com.tr\/\" class='avia_image' ><img width=\"125\" height=\"125\" class='wp-image-3925 avia-img-lazy-loading-not-3925 avia_image' src=\"https:\/\/mtydizayn.com\/wp-content\/uploads\/2022\/03\/Basliksiz-1.jpg\" alt='' title='Ba\u015fl\u0131ks\u0131z-1'  itemprop=\"thumbnailUrl\" srcset=\"https:\/\/mtydizayn.com\/wp-content\/uploads\/2022\/03\/Basliksiz-1.jpg 125w, https:\/\/mtydizayn.com\/wp-content\/uploads\/2022\/03\/Basliksiz-1-80x80.jpg 80w, https:\/\/mtydizayn.com\/wp-content\/uploads\/2022\/03\/Basliksiz-1-36x36.jpg 36w\" sizes=\"(max-width: 125px) 100vw, 125px\" \/><\/a><\/div><\/div><\/div><\/div><div class=\"flex_column av_one_fourth  flex_column_div av-zero-column-padding first  avia-builder-el-24  el_after_av_one_fourth  el_before_av_one_fourth  column-top-margin\" style='box-shadow: 0 0 10px 0 #0a0a0a; border-radius:0px; '><div  class='avia-image-container  av-styling- av-hover-grow av-hide-overflow   avia-builder-el-25  avia-builder-el-no-sibling  avia-align-center '  itemprop=\"image\" itemscope=\"itemscope\" itemtype=\"https:\/\/schema.org\/ImageObject\"  ><div class='avia-image-container-inner'><div class='avia-image-overlay-wrap'><a href=\"https:\/\/www.rehau.com\/tr-tr\" class='avia_image' ><img width=\"125\" height=\"125\" class='wp-image-3926 avia-img-lazy-loading-not-3926 avia_image' src=\"https:\/\/mtydizayn.com\/wp-content\/uploads\/2022\/03\/rehau1.jpg\" alt='' title='rehau1'  itemprop=\"thumbnailUrl\" srcset=\"https:\/\/mtydizayn.com\/wp-content\/uploads\/2022\/03\/rehau1.jpg 125w, https:\/\/mtydizayn.com\/wp-content\/uploads\/2022\/03\/rehau1-80x80.jpg 80w, https:\/\/mtydizayn.com\/wp-content\/uploads\/2022\/03\/rehau1-36x36.jpg 36w\" sizes=\"(max-width: 125px) 100vw, 125px\" \/><\/a><\/div><\/div><\/div><\/div><div class=\"flex_column av_one_fourth  flex_column_div av-zero-column-padding   avia-builder-el-26  el_after_av_one_fourth  el_before_av_one_fourth  column-top-margin\" style='box-shadow: 0 0 10px 0 #0a0a0a; border-radius:0px; '><div  class='avia-image-container  av-styling- av-hover-grow av-hide-overflow   avia-builder-el-27  avia-builder-el-no-sibling  avia-align-center '  itemprop=\"image\" itemscope=\"itemscope\" itemtype=\"https:\/\/schema.org\/ImageObject\"  ><div class='avia-image-container-inner'><div class='avia-image-overlay-wrap'><a href=\"https:\/\/www.huppe.com.tr\/\" class='avia_image' ><img width=\"125\" height=\"125\" class='wp-image-3927 avia-img-lazy-loading-not-3927 avia_image' src=\"https:\/\/mtydizayn.com\/wp-content\/uploads\/2022\/03\/huup.jpg\" alt='' title='h\u00fc\u00fcp'  itemprop=\"thumbnailUrl\" srcset=\"https:\/\/mtydizayn.com\/wp-content\/uploads\/2022\/03\/huup.jpg 125w, https:\/\/mtydizayn.com\/wp-content\/uploads\/2022\/03\/huup-80x80.jpg 80w, https:\/\/mtydizayn.com\/wp-content\/uploads\/2022\/03\/huup-36x36.jpg 36w\" sizes=\"(max-width: 125px) 100vw, 125px\" \/><\/a><\/div><\/div><\/div><\/div><div class=\"flex_column av_one_fourth  flex_column_div av-zero-column-padding   avia-builder-el-28  el_after_av_one_fourth  avia-builder-el-last  column-top-margin\" style='box-shadow: 0 0 10px 0 #0a0a0a; border-radius:0px; '><div  class='avia-image-container  av-styling- av-hover-grow av-hide-overflow   avia-builder-el-29  avia-builder-el-no-sibling  avia-align-center '  itemprop=\"image\" itemscope=\"itemscope\" itemtype=\"https:\/\/schema.org\/ImageObject\"  ><div class='avia-image-container-inner'><div class='avia-image-overlay-wrap'><a href=\"https:\/\/mtydizayn.com\/index.php\/somine-kuzine\/\" class='avia_image' ><img width=\"125\" height=\"125\" class='wp-image-3928 avia-img-lazy-loading-not-3928 avia_image' src=\"https:\/\/mtydizayn.com\/wp-content\/uploads\/2022\/03\/invica.jpg\" alt='' title='\u0131nv\u0131ca'  itemprop=\"thumbnailUrl\" srcset=\"https:\/\/mtydizayn.com\/wp-content\/uploads\/2022\/03\/invica.jpg 125w, https:\/\/mtydizayn.com\/wp-content\/uploads\/2022\/03\/invica-80x80.jpg 80w, https:\/\/mtydizayn.com\/wp-content\/uploads\/2022\/03\/invica-36x36.jpg 36w\" sizes=\"(max-width: 125px) 100vw, 125px\" \/><\/a><\/div><\/div><\/div><\/div><\/p>\n","protected":false},"excerpt":{"rendered":"","protected":false},"author":1,"featured_media":0,"parent":0,"menu_order":0,"comment_status":"closed","ping_status":"closed","template":"","meta":[],"_links":{"self":[{"href":"https:\/\/mtydizayn.com\/index.php\/wp-json\/wp\/v2\/pages\/3646"}],"collection":[{"href":"https:\/\/mtydizayn.com\/index.php\/wp-json\/wp\/v2\/pages"}],"about":[{"href":"https:\/\/mtydizayn.com\/index.php\/wp-json\/wp\/v2\/types\/page"}],"author":[{"embeddable":true,"href":"https:\/\/mtydizayn.com\/index.php\/wp-json\/wp\/v2\/users\/1"}],"replies":[{"embeddable":true,"href":"https:\/\/mtydizayn.com\/index.php\/wp-json\/wp\/v2\/comments?post=3646"}],"version-history":[{"count":9,"href":"https:\/\/mtydizayn.com\/index.php\/wp-json\/wp\/v2\/pages\/3646\/revisions"}],"predecessor-version":[{"id":3929,"href":"https:\/\/mtydizayn.com\/index.php\/wp-json\/wp\/v2\/pages\/3646\/revisions\/3929"}],"wp:attachment":[{"href":"https:\/\/mtydizayn.com\/index.php\/wp-json\/wp\/v2\/media?parent=3646"}],"curies":[{"name":"wp","href":"https:\/\/api.w.org\/{rel}","templated":true}]}}