{"id":4094,"date":"2026-01-13T14:28:25","date_gmt":"2026-01-13T14:28:25","guid":{"rendered":"https:\/\/mtydizayn.com\/?page_id=4094"},"modified":"2026-01-13T14:28:25","modified_gmt":"2026-01-13T14:28:25","slug":"yangina-dayanikli-ahsap-kapi","status":"publish","type":"page","link":"https:\/\/mtydizayn.com\/index.php\/yangina-dayanikli-ahsap-kapi\/","title":{"rendered":"Yang\u0131na Dayan\u0131kl\u0131 Ah\u015fap Kap\u0131"},"content":{"rendered":"","protected":false},"excerpt":{"rendered":"","protected":false},"author":2,"featured_media":0,"parent":0,"menu_order":0,"comment_status":"closed","ping_status":"closed","template":"","meta":[],"_links":{"self":[{"href":"https:\/\/mtydizayn.com\/index.php\/wp-json\/wp\/v2\/pages\/4094"}],"collection":[{"href":"https:\/\/mtydizayn.com\/index.php\/wp-json\/wp\/v2\/pages"}],"about":[{"href":"https:\/\/mtydizayn.com\/index.php\/wp-json\/wp\/v2\/types\/page"}],"author":[{"embeddable":true,"href":"https:\/\/mtydizayn.com\/index.php\/wp-json\/wp\/v2\/users\/2"}],"replies":[{"embeddable":true,"href":"https:\/\/mtydizayn.com\/index.php\/wp-json\/wp\/v2\/comments?post=4094"}],"version-history":[{"count":1,"href":"https:\/\/mtydizayn.com\/index.php\/wp-json\/wp\/v2\/pages\/4094\/revisions"}],"predecessor-version":[{"id":4096,"href":"https:\/\/mtydizayn.com\/index.php\/wp-json\/wp\/v2\/pages\/4094\/revisions\/4096"}],"wp:attachment":[{"href":"https:\/\/mtydizayn.com\/index.php\/wp-json\/wp\/v2\/media?parent=4094"}],"curies":[{"name":"wp","href":"https:\/\/api.w.org\/{rel}","templated":true}]}}