{"id":914,"date":"2017-02-07T14:18:14","date_gmt":"2017-02-07T14:18:14","guid":{"rendered":"http:\/\/test.kriesi.at\/enfold-2017\/?page_id=914"},"modified":"2021-09-15T07:29:38","modified_gmt":"2021-09-15T07:29:38","slug":"tas","status":"publish","type":"page","link":"https:\/\/mtydizayn.com\/index.php\/tas\/","title":{"rendered":"Ta\u015f"},"content":{"rendered":"<div id='av_section_1'  class='avia-section main_color avia-section-large avia-no-border-styling  avia-bg-style-scroll  avia-builder-el-0  avia-builder-el-no-sibling   av-arrow-down-section container_wrap sidebar_right' style=' '  ><div class='container' ><main  role=\"main\" itemprop=\"mainContentOfPage\"  class='template-page content  av-content-small alpha units'><div class='post-entry post-entry-type-page post-entry-914'><div class='entry-content-wrapper clearfix'>\n<div  style='padding-bottom:0px; font-size:40px;' class='av-special-heading av-special-heading-h2  blockquote modern-quote  avia-builder-el-1  el_before_av_hr  avia-builder-el-first  av-inherit-size '><h2 class='av-special-heading-tag '  itemprop=\"headline\"  >Pricing<\/h2><div class='special-heading-border'><div class='special-heading-inner-border' ><\/div><\/div><\/div>\n<div  style=' margin-top:30px; margin-bottom:30px;'  class='hr hr-custom hr-left hr-icon-no   avia-builder-el-2  el_after_av_heading  el_before_av_one_half '><span class='hr-inner  inner-border-av-border-fat' style=' width:50px; border-color:#000000;' ><span class='hr-inner-style'><\/span><\/span><\/div>\n<div class=\"flex_column av_one_half  flex_column_div av-zero-column-padding first  avia-builder-el-3  el_after_av_hr  el_before_av_one_half  \" style='border-radius:0px; '><section class=\"av_textblock_section \"  itemscope=\"itemscope\" itemtype=\"https:\/\/schema.org\/CreativeWork\" ><div class='avia_textblock  '   itemprop=\"text\" ><p>Donec pede justo, fringilla vel, aliquet nec, vulputate eget, arcu. In enim justo, rhoncus ut, imperdiet a, venenatis vitae, justo. Nullam dictum felis eu pede mollis pretium. Integer tincidunt.<\/p>\n<p>Cras dapibus. <strong>Vivamus elementum<\/strong> semper nisi. Aenean vulputate eleifend tellus. Aenean leo ligula.<\/p>\n<\/div><\/section><\/div><div class=\"flex_column av_one_half  flex_column_div av-zero-column-padding   avia-builder-el-5  el_after_av_one_half  el_before_av_one_third  \" style='border-radius:0px; '><section class=\"av_textblock_section \"  itemscope=\"itemscope\" itemtype=\"https:\/\/schema.org\/CreativeWork\" ><div class='avia_textblock  '   itemprop=\"text\" ><p>Lorem ipsum dolor sit amet, consectetuer adipiscing elit. Aenean commodo ligula eget dolor. Aenean massa. Cum sociis natoque penatibus et magnis dis <a href=\"#\">parturient montes<\/a>, nascetur ridiculus mus.<\/p>\n<p>Donec quam felis, ultricies nec, pellentesque eu, pretium quis, sem. Nulla consequat massa quis enim.<\/p>\n<\/div><\/section><\/div><div class=\"flex_column av_one_third  flex_column_div av-zero-column-padding first  avia-builder-el-7  el_after_av_one_half  el_before_av_one_third  column-top-margin\" style='border-radius:0px; '><p><div  style='padding-bottom:10px; ' class='av-special-heading av-special-heading-h3  blockquote modern-quote modern-centered  avia-builder-el-8  el_before_av_hr  avia-builder-el-first  '><h3 class='av-special-heading-tag '  itemprop=\"headline\"  >K\u00fclt\u00fcr Ta\u015f\u0131<\/h3><div class='special-heading-border'><div class='special-heading-inner-border' ><\/div><\/div><\/div><br \/>\n<div   class='hr hr-default   avia-builder-el-9  el_after_av_heading  el_before_av_image '><span class='hr-inner ' ><span class='hr-inner-style'><\/span><\/span><\/div><br \/>\n<div  class='avia-image-container  av-styling-    avia-builder-el-10  el_after_av_hr  el_before_av_button  avia-align-center '  itemprop=\"image\" itemscope=\"itemscope\" itemtype=\"https:\/\/schema.org\/ImageObject\"  ><div class='avia-image-container-inner'><div class='avia-image-overlay-wrap'><img class='wp-image-3174 avia-img-lazy-loading-not-3174 avia_image' src=\"https:\/\/mtydizayn.com\/wp-content\/uploads\/2021\/09\/Ekran-Resmi-2021-09-14-15.07.47-300x147.png\" alt='' title='Ekran Resmi 2021-09-14 15.07.47' height=\"147\" width=\"300\"  itemprop=\"thumbnailUrl\" srcset=\"https:\/\/mtydizayn.com\/wp-content\/uploads\/2021\/09\/Ekran-Resmi-2021-09-14-15.07.47-300x147.png 300w, https:\/\/mtydizayn.com\/wp-content\/uploads\/2021\/09\/Ekran-Resmi-2021-09-14-15.07.47-768x376.png 768w, https:\/\/mtydizayn.com\/wp-content\/uploads\/2021\/09\/Ekran-Resmi-2021-09-14-15.07.47-705x345.png 705w, https:\/\/mtydizayn.com\/wp-content\/uploads\/2021\/09\/Ekran-Resmi-2021-09-14-15.07.47.png 822w\" sizes=\"(max-width: 300px) 100vw, 300px\" \/><\/div><\/div><\/div><br \/>\n<div  class='avia-button-wrap avia-button-center  avia-builder-el-11  el_after_av_image  avia-builder-el-last ' ><a href=''  class='avia-button  avia-color-black  avia-font-color-theme-color-highlight  avia-icon_select-no avia-size-small avia-position-center '   ><span class='avia_iconbox_title' >\u0130ncele<\/span><span class='avia_button_background avia-button avia-color-theme-color-highlight' ><\/span><\/a><\/div><\/p><\/div><div class=\"flex_column av_one_third  flex_column_div av-zero-column-padding   avia-builder-el-12  el_after_av_one_third  el_before_av_one_third  column-top-margin\" style='border-radius:0px; '><p><div  style='padding-bottom:10px; ' class='av-special-heading av-special-heading-h3  blockquote modern-quote modern-centered  avia-builder-el-13  el_before_av_hr  avia-builder-el-first  '><h3 class='av-special-heading-tag '  itemprop=\"headline\"  >K\u00fclt\u00fcr Tu\u011flas\u0131<\/h3><div class='special-heading-border'><div class='special-heading-inner-border' ><\/div><\/div><\/div><br \/>\n<div   class='hr hr-default   avia-builder-el-14  el_after_av_heading  el_before_av_image '><span class='hr-inner ' ><span class='hr-inner-style'><\/span><\/span><\/div><br \/>\n<div  class='avia-image-container  av-styling-    avia-builder-el-15  el_after_av_hr  el_before_av_button  avia-align-center '  itemprop=\"image\" itemscope=\"itemscope\" itemtype=\"https:\/\/schema.org\/ImageObject\"  ><div class='avia-image-container-inner'><div class='avia-image-overlay-wrap'><img class='wp-image-3175 avia-img-lazy-loading-not-3175 avia_image' src=\"https:\/\/mtydizayn.com\/wp-content\/uploads\/2021\/09\/Ekran-Resmi-2021-09-14-15.09.48-300x146.png\" alt='' title='Ekran Resmi 2021-09-14 15.09.48' height=\"146\" width=\"300\"  itemprop=\"thumbnailUrl\" srcset=\"https:\/\/mtydizayn.com\/wp-content\/uploads\/2021\/09\/Ekran-Resmi-2021-09-14-15.09.48-300x146.png 300w, https:\/\/mtydizayn.com\/wp-content\/uploads\/2021\/09\/Ekran-Resmi-2021-09-14-15.09.48-768x375.png 768w, https:\/\/mtydizayn.com\/wp-content\/uploads\/2021\/09\/Ekran-Resmi-2021-09-14-15.09.48-705x344.png 705w, https:\/\/mtydizayn.com\/wp-content\/uploads\/2021\/09\/Ekran-Resmi-2021-09-14-15.09.48.png 824w\" sizes=\"(max-width: 300px) 100vw, 300px\" \/><\/div><\/div><\/div><br \/>\n<div  class='avia-button-wrap avia-button-center  avia-builder-el-16  el_after_av_image  avia-builder-el-last ' ><a href=''  class='avia-button  avia-color-black  avia-font-color-theme-color-highlight  avia-icon_select-no avia-size-small avia-position-center '   ><span class='avia_iconbox_title' >\u0130ncele<\/span><span class='avia_button_background avia-button avia-color-theme-color-highlight' ><\/span><\/a><\/div><\/p><\/div><div class=\"flex_column av_one_third  flex_column_div av-zero-column-padding   avia-builder-el-17  el_after_av_one_third  el_before_av_one_third  column-top-margin\" style='border-radius:0px; '><p><div  style='padding-bottom:10px; ' class='av-special-heading av-special-heading-h3  blockquote modern-quote modern-centered  avia-builder-el-18  el_before_av_hr  avia-builder-el-first  '><h3 class='av-special-heading-tag '  itemprop=\"headline\"  >Yer Ta\u015f\u0131<\/h3><div class='special-heading-border'><div class='special-heading-inner-border' ><\/div><\/div><\/div><br \/>\n<div   class='hr hr-default   avia-builder-el-19  el_after_av_heading  el_before_av_image '><span class='hr-inner ' ><span class='hr-inner-style'><\/span><\/span><\/div><br \/>\n<div  class='avia-image-container  av-styling-    avia-builder-el-20  el_after_av_hr  el_before_av_button  avia-align-center '  itemprop=\"image\" itemscope=\"itemscope\" itemtype=\"https:\/\/schema.org\/ImageObject\"  ><div class='avia-image-container-inner'><div class='avia-image-overlay-wrap'><img class='wp-image-3176 avia-img-lazy-loading-not-3176 avia_image' src=\"https:\/\/mtydizayn.com\/wp-content\/uploads\/2021\/09\/Ekran-Resmi-2021-09-14-15.10.44-300x146.png\" alt='' title='Ekran Resmi 2021-09-14 15.10.44' height=\"146\" width=\"300\"  itemprop=\"thumbnailUrl\" srcset=\"https:\/\/mtydizayn.com\/wp-content\/uploads\/2021\/09\/Ekran-Resmi-2021-09-14-15.10.44-300x146.png 300w, https:\/\/mtydizayn.com\/wp-content\/uploads\/2021\/09\/Ekran-Resmi-2021-09-14-15.10.44-768x373.png 768w, https:\/\/mtydizayn.com\/wp-content\/uploads\/2021\/09\/Ekran-Resmi-2021-09-14-15.10.44-705x342.png 705w, https:\/\/mtydizayn.com\/wp-content\/uploads\/2021\/09\/Ekran-Resmi-2021-09-14-15.10.44.png 824w\" sizes=\"(max-width: 300px) 100vw, 300px\" \/><\/div><\/div><\/div><br \/>\n<div  class='avia-button-wrap avia-button-center  avia-builder-el-21  el_after_av_image  avia-builder-el-last ' ><a href=''  class='avia-button  avia-color-black  avia-font-color-theme-color-highlight  avia-icon_select-no avia-size-small avia-position-center '   ><span class='avia_iconbox_title' >\u0130ncele<\/span><span class='avia_button_background avia-button avia-color-theme-color-highlight' ><\/span><\/a><\/div><\/p><\/div><div class=\"flex_column av_one_third  flex_column_div av-zero-column-padding first  avia-builder-el-22  el_after_av_one_third  el_before_av_one_third  column-top-margin\" style='border-radius:0px; '><p><div  style='padding-bottom:10px; ' class='av-special-heading av-special-heading-h3  blockquote modern-quote modern-centered  avia-builder-el-23  el_before_av_hr  avia-builder-el-first  '><h3 class='av-special-heading-tag '  itemprop=\"headline\"  >Detay Elemanlar\u0131<\/h3><div class='special-heading-border'><div class='special-heading-inner-border' ><\/div><\/div><\/div><br \/>\n<div   class='hr hr-default   avia-builder-el-24  el_after_av_heading  el_before_av_image '><span class='hr-inner ' ><span class='hr-inner-style'><\/span><\/span><\/div><br \/>\n<div  class='avia-image-container  av-styling-    avia-builder-el-25  el_after_av_hr  el_before_av_button  avia-align-center '  itemprop=\"image\" itemscope=\"itemscope\" itemtype=\"https:\/\/schema.org\/ImageObject\"  ><div class='avia-image-container-inner'><div class='avia-image-overlay-wrap'><img class='wp-image-3177 avia-img-lazy-loading-not-3177 avia_image' src=\"https:\/\/mtydizayn.com\/wp-content\/uploads\/2021\/09\/Ekran-Resmi-2021-09-14-15.12.22-300x74.png\" alt='' title='Ekran Resmi 2021-09-14 15.12.22' height=\"74\" width=\"300\"  itemprop=\"thumbnailUrl\" srcset=\"https:\/\/mtydizayn.com\/wp-content\/uploads\/2021\/09\/Ekran-Resmi-2021-09-14-15.12.22-300x74.png 300w, https:\/\/mtydizayn.com\/wp-content\/uploads\/2021\/09\/Ekran-Resmi-2021-09-14-15.12.22-768x189.png 768w, https:\/\/mtydizayn.com\/wp-content\/uploads\/2021\/09\/Ekran-Resmi-2021-09-14-15.12.22-705x174.png 705w, https:\/\/mtydizayn.com\/wp-content\/uploads\/2021\/09\/Ekran-Resmi-2021-09-14-15.12.22.png 828w\" sizes=\"(max-width: 300px) 100vw, 300px\" \/><\/div><\/div><\/div><br \/>\n<div  class='avia-button-wrap avia-button-center  avia-builder-el-26  el_after_av_image  avia-builder-el-last ' ><a href=''  class='avia-button  avia-color-black  avia-font-color-theme-color-highlight  avia-icon_select-no avia-size-small avia-position-center '   ><span class='avia_iconbox_title' >\u0130ncele<\/span><span class='avia_button_background avia-button avia-color-theme-color-highlight' ><\/span><\/a><\/div><\/p><\/div><div class=\"flex_column av_one_third  flex_column_div av-zero-column-padding   avia-builder-el-27  el_after_av_one_third  avia-builder-el-last  column-top-margin\" style='border-radius:0px; '><p><div  style='padding-bottom:10px; ' class='av-special-heading av-special-heading-h3  blockquote modern-quote modern-centered  avia-builder-el-28  el_before_av_hr  avia-builder-el-first  '><h3 class='av-special-heading-tag '  itemprop=\"headline\"  >Uygulama \u00dcr\u00fcnleri<\/h3><div class='special-heading-border'><div class='special-heading-inner-border' ><\/div><\/div><\/div><br \/>\n<div   class='hr hr-default   avia-builder-el-29  el_after_av_heading  el_before_av_image '><span class='hr-inner ' ><span class='hr-inner-style'><\/span><\/span><\/div><br \/>\n<div  class='avia-image-container  av-styling-    avia-builder-el-30  el_after_av_hr  el_before_av_button  avia-align-center '  itemprop=\"image\" itemscope=\"itemscope\" itemtype=\"https:\/\/schema.org\/ImageObject\"  ><div class='avia-image-container-inner'><div class='avia-image-overlay-wrap'><img class='wp-image-3178 avia-img-lazy-loading-not-3178 avia_image' src=\"https:\/\/mtydizayn.com\/wp-content\/uploads\/2021\/09\/Ekran-Resmi-2021-09-14-15.12.32-300x73.png\" alt='' title='Ekran Resmi 2021-09-14 15.12.32' height=\"73\" width=\"300\"  itemprop=\"thumbnailUrl\" srcset=\"https:\/\/mtydizayn.com\/wp-content\/uploads\/2021\/09\/Ekran-Resmi-2021-09-14-15.12.32-300x73.png 300w, https:\/\/mtydizayn.com\/wp-content\/uploads\/2021\/09\/Ekran-Resmi-2021-09-14-15.12.32-768x186.png 768w, https:\/\/mtydizayn.com\/wp-content\/uploads\/2021\/09\/Ekran-Resmi-2021-09-14-15.12.32-705x171.png 705w, https:\/\/mtydizayn.com\/wp-content\/uploads\/2021\/09\/Ekran-Resmi-2021-09-14-15.12.32.png 824w\" sizes=\"(max-width: 300px) 100vw, 300px\" \/><\/div><\/div><\/div><br \/>\n<div  class='avia-button-wrap avia-button-center  avia-builder-el-31  el_after_av_image  avia-builder-el-last ' ><a href=''  class='avia-button  avia-color-black  avia-font-color-theme-color-highlight  avia-icon_select-no avia-size-small avia-position-center '   ><span class='avia_iconbox_title' >\u0130ncele<\/span><span class='avia_button_background avia-button avia-color-theme-color-highlight' ><\/span><\/a><\/div><\/p><\/div>\n<\/div><\/div><\/main><!-- close content main element --><\/div><div class='av-extra-border-element border-extra-arrow-down'><div class='av-extra-border-outer'><div class='av-extra-border-inner'  style='background-color:#ffffff;' ><\/div><\/div><\/div><\/div><div id='after_section_1'  class='main_color av_default_container_wrap container_wrap sidebar_right' style=' '  ><div class='container' ><div class='template-page content  av-content-small alpha units'><div class='post-entry post-entry-type-page post-entry-914'><div class='entry-content-wrapper clearfix'>\n","protected":false},"excerpt":{"rendered":"","protected":false},"author":1,"featured_media":0,"parent":0,"menu_order":0,"comment_status":"closed","ping_status":"closed","template":"","meta":[],"_links":{"self":[{"href":"https:\/\/mtydizayn.com\/index.php\/wp-json\/wp\/v2\/pages\/914"}],"collection":[{"href":"https:\/\/mtydizayn.com\/index.php\/wp-json\/wp\/v2\/pages"}],"about":[{"href":"https:\/\/mtydizayn.com\/index.php\/wp-json\/wp\/v2\/types\/page"}],"author":[{"embeddable":true,"href":"https:\/\/mtydizayn.com\/index.php\/wp-json\/wp\/v2\/users\/1"}],"replies":[{"embeddable":true,"href":"https:\/\/mtydizayn.com\/index.php\/wp-json\/wp\/v2\/comments?post=914"}],"version-history":[{"count":3,"href":"https:\/\/mtydizayn.com\/index.php\/wp-json\/wp\/v2\/pages\/914\/revisions"}],"predecessor-version":[{"id":3283,"href":"https:\/\/mtydizayn.com\/index.php\/wp-json\/wp\/v2\/pages\/914\/revisions\/3283"}],"wp:attachment":[{"href":"https:\/\/mtydizayn.com\/index.php\/wp-json\/wp\/v2\/media?parent=914"}],"curies":[{"name":"wp","href":"https:\/\/api.w.org\/{rel}","templated":true}]}}